{"id":302,"date":"2024-03-14T09:48:34","date_gmt":"2024-03-14T09:48:34","guid":{"rendered":"https:\/\/amoratio.de\/?page_id=302"},"modified":"2026-03-23T09:59:29","modified_gmt":"2026-03-23T09:59:29","slug":"johanna-jonas","status":"publish","type":"page","link":"https:\/\/amoratio.de\/en\/johanna-jonas\/","title":{"rendered":"Johanna Jonas"},"content":{"rendered":"<div data-elementor-type=\"wp-page\" data-elementor-id=\"302\" class=\"elementor elementor-302\" data-elementor-post-type=\"page\">\n\t\t\t\t\t\t<section class=\"elementor-section elementor-top-section elementor-element elementor-element-cc35fe3 elementor-section-height-full elementor-section-items-top elementor-section-boxed elementor-section-height-default\" data-id=\"cc35fe3\" data-element_type=\"section\" data-e-type=\"section\">\n\t\t\t\t\t\t<div class=\"elementor-container elementor-column-gap-default\">\n\t\t\t\t\t<div class=\"elementor-column elementor-col-100 elementor-top-column elementor-element elementor-element-e457a8d\" data-id=\"e457a8d\" data-element_type=\"column\" data-e-type=\"column\">\n\t\t\t<div class=\"elementor-widget-wrap elementor-element-populated\">\n\t\t\t\t\t\t<section class=\"elementor-section elementor-inner-section elementor-element elementor-element-56e4eef elementor-reverse-tablet elementor-reverse-mobile elementor-section-boxed elementor-section-height-default elementor-section-height-default\" data-id=\"56e4eef\" data-element_type=\"section\" data-e-type=\"section\">\n\t\t\t\t\t\t<div class=\"elementor-container elementor-column-gap-default\">\n\t\t\t\t\t<div class=\"elementor-column elementor-col-50 elementor-inner-column elementor-element elementor-element-8fdda07\" data-id=\"8fdda07\" data-element_type=\"column\" data-e-type=\"column\" data-settings=\"{&quot;background_background&quot;:&quot;classic&quot;}\">\n\t\t\t<div class=\"elementor-widget-wrap elementor-element-populated\">\n\t\t\t\t\t\t<div class=\"elementor-element elementor-element-524b0b1 elementor-widget elementor-widget-heading\" data-id=\"524b0b1\" data-element_type=\"widget\" data-e-type=\"widget\" data-widget_type=\"heading.default\">\n\t\t\t\t<div class=\"elementor-widget-container\">\n\t\t\t\t\t<h2 class=\"elementor-heading-title elementor-size-default\">About Me<\/h2>\t\t\t\t<\/div>\n\t\t\t\t<\/div>\n\t\t\t\t<div class=\"elementor-element elementor-element-d4d29e1 elementor-widget elementor-widget-text-editor\" data-id=\"d4d29e1\" data-element_type=\"widget\" data-e-type=\"widget\" data-widget_type=\"text-editor.default\">\n\t\t\t\t<div class=\"elementor-widget-container\">\n\t\t\t\t\t\t\t\t\t<p style=\"text-align: left;\">Hallo, ich bin Johanna, gl\u00fccklich verheiratet, zweifache Mama, Rheinl\u00e4nderin, lebe auf der wundersch\u00f6nen Sonneninsel Zypern und ich liebe Geschichten. Eure Geschichten. Geschichten \u00fcber besondere Menschen und ihren Weg zueinander und miteinander, durch H\u00f6hen und durch Tiefen. Denn jeder Mensch und jede Geschichte ist einzigartig und es wert, erz\u00e4hlt zu werden. Das zu tun und andere mit meinen Worten zu ber\u00fchren und sie einen Moment dem Alltag entfliehen zu lassen, das war und ist schon immer eine gro\u00dfe Leidenschaft von mir, die ich zu meinem Beruf gemacht habe.\u00a0\u00a0<\/p><p style=\"text-align: left;\">With me, you can be sure that I really listen. Because I don't want to tell just any story, I want to tell YOUR story. You and your guests should be able to identify with it. You shouldn't feel like you're listening to a \u201cspeech,\u201d but rather that you're right in the middle of your story.<\/p><p data-start=\"580\" data-end=\"819\">Authenticity is important to me. I believe that it is powerful when people show themselves as they really are\u2014with all their idiosyncrasies, strengths, and even their small, endearing imperfections. That is exactly what brings stories to life.<\/p><p data-start=\"821\" data-end=\"1064\">And yes: as a true Rhinelander, I love humor! \ud83d\ude42 But not the loud, crude kind, rather the subtle kind that makes life easier. Laughing at life's absurdities, winking when something doesn't go perfectly\u2014those are the moments that connect us.<\/p>\t\t\t\t\t\t\t\t<\/div>\n\t\t\t\t<\/div>\n\t\t\t\t\t<\/div>\n\t\t<\/div>\n\t\t\t\t<div class=\"elementor-column elementor-col-50 elementor-inner-column elementor-element elementor-element-a88ea85\" data-id=\"a88ea85\" data-element_type=\"column\" data-e-type=\"column\" data-settings=\"{&quot;background_background&quot;:&quot;classic&quot;}\">\n\t\t\t<div class=\"elementor-widget-wrap elementor-element-populated\">\n\t\t\t\t\t\t<div class=\"elementor-element elementor-element-c377db2 elementor-widget elementor-widget-spacer\" data-id=\"c377db2\" data-element_type=\"widget\" data-e-type=\"widget\" data-widget_type=\"spacer.default\">\n\t\t\t\t<div class=\"elementor-widget-container\">\n\t\t\t\t\t\t\t<div class=\"elementor-spacer\">\n\t\t\t<div class=\"elementor-spacer-inner\"><\/div>\n\t\t<\/div>\n\t\t\t\t\t\t<\/div>\n\t\t\t\t<\/div>\n\t\t\t\t\t<\/div>\n\t\t<\/div>\n\t\t\t\t\t<\/div>\n\t\t<\/section>\n\t\t\t\t\t<\/div>\n\t\t<\/div>\n\t\t\t\t\t<\/div>\n\t\t<\/section>\n\t\t\t\t<section class=\"elementor-section elementor-top-section elementor-element elementor-element-b0101f2 elementor-section-boxed elementor-section-height-default elementor-section-height-default\" data-id=\"b0101f2\" data-element_type=\"section\" data-e-type=\"section\">\n\t\t\t\t\t\t<div class=\"elementor-container elementor-column-gap-default\">\n\t\t\t\t\t<div class=\"elementor-column elementor-col-100 elementor-top-column elementor-element elementor-element-78d55fd\" data-id=\"78d55fd\" data-element_type=\"column\" data-e-type=\"column\">\n\t\t\t<div class=\"elementor-widget-wrap elementor-element-populated\">\n\t\t\t\t\t\t<section class=\"elementor-section elementor-inner-section elementor-element elementor-element-cb5d5ec elementor-section-boxed elementor-section-height-default elementor-section-height-default\" data-id=\"cb5d5ec\" data-element_type=\"section\" data-e-type=\"section\">\n\t\t\t\t\t\t<div class=\"elementor-container elementor-column-gap-default\">\n\t\t\t\t\t<div class=\"elementor-column elementor-col-50 elementor-inner-column elementor-element elementor-element-cfa973a\" data-id=\"cfa973a\" data-element_type=\"column\" data-e-type=\"column\">\n\t\t\t<div class=\"elementor-widget-wrap\">\n\t\t\t\t\t\t\t<\/div>\n\t\t<\/div>\n\t\t\t\t<div class=\"elementor-column elementor-col-50 elementor-inner-column elementor-element elementor-element-487f842\" data-id=\"487f842\" data-element_type=\"column\" data-e-type=\"column\">\n\t\t\t<div class=\"elementor-widget-wrap\">\n\t\t\t\t\t\t\t<\/div>\n\t\t<\/div>\n\t\t\t\t\t<\/div>\n\t\t<\/section>\n\t\t\t\t\t<\/div>\n\t\t<\/div>\n\t\t\t\t\t<\/div>\n\t\t<\/section>\n\t\t\t\t<\/div>","protected":false},"excerpt":{"rendered":"<p>\u00dcber mich Hallo, ich bin Johanna, gl\u00fccklich verheiratet, zweifache Mama, Rheinl\u00e4nderin, lebe auf der wundersch\u00f6nen Sonneninsel Zypern und ich liebe Geschichten. Eure Geschichten. Geschichten \u00fcber besondere Menschen und ihren Weg zueinander und miteinander, durch H\u00f6hen und durch Tiefen. Denn jeder Mensch und jede Geschichte ist einzigartig und es wert, erz\u00e4hlt zu werden. Das zu tun&#8230;<\/p>","protected":false},"author":1,"featured_media":1385,"parent":0,"menu_order":0,"comment_status":"closed","ping_status":"closed","template":"elementor_header_footer","meta":{"footnotes":""},"class_list":["post-302","page","type-page","status-publish","has-post-thumbnail","hentry"],"_links":{"self":[{"href":"https:\/\/amoratio.de\/en\/wp-json\/wp\/v2\/pages\/302","targetHints":{"allow":["GET"]}}],"collection":[{"href":"https:\/\/amoratio.de\/en\/wp-json\/wp\/v2\/pages"}],"about":[{"href":"https:\/\/amoratio.de\/en\/wp-json\/wp\/v2\/types\/page"}],"author":[{"embeddable":true,"href":"https:\/\/amoratio.de\/en\/wp-json\/wp\/v2\/users\/1"}],"replies":[{"embeddable":true,"href":"https:\/\/amoratio.de\/en\/wp-json\/wp\/v2\/comments?post=302"}],"version-history":[{"count":7,"href":"https:\/\/amoratio.de\/en\/wp-json\/wp\/v2\/pages\/302\/revisions"}],"predecessor-version":[{"id":2093,"href":"https:\/\/amoratio.de\/en\/wp-json\/wp\/v2\/pages\/302\/revisions\/2093"}],"wp:featuredmedia":[{"embeddable":true,"href":"https:\/\/amoratio.de\/en\/wp-json\/wp\/v2\/media\/1385"}],"wp:attachment":[{"href":"https:\/\/amoratio.de\/en\/wp-json\/wp\/v2\/media?parent=302"}],"curies":[{"name":"wp","href":"https:\/\/api.w.org\/{rel}","templated":true}]}}