{"id":321,"date":"2024-03-14T10:06:40","date_gmt":"2024-03-14T10:06:40","guid":{"rendered":"https:\/\/amoratio.de\/?page_id=321"},"modified":"2025-11-28T10:51:39","modified_gmt":"2025-11-28T10:51:39","slug":"kinderwillkommensfest","status":"publish","type":"page","link":"https:\/\/amoratio.de\/en\/kinderwillkommensfest\/","title":{"rendered":"Children's welcome party"},"content":{"rendered":"<div data-elementor-type=\"wp-page\" data-elementor-id=\"321\" class=\"elementor elementor-321\" data-elementor-post-type=\"page\">\n\t\t\t\t\t\t<section class=\"elementor-section elementor-top-section elementor-element elementor-element-171b7bb elementor-section-boxed elementor-section-height-default elementor-section-height-default\" data-id=\"171b7bb\" data-element_type=\"section\" data-e-type=\"section\">\n\t\t\t\t\t\t<div class=\"elementor-container elementor-column-gap-default\">\n\t\t\t\t\t<div class=\"elementor-column elementor-col-100 elementor-top-column elementor-element elementor-element-0c050ff\" data-id=\"0c050ff\" data-element_type=\"column\" data-e-type=\"column\">\n\t\t\t<div class=\"elementor-widget-wrap elementor-element-populated\">\n\t\t\t\t\t\t<section class=\"elementor-section elementor-inner-section elementor-element elementor-element-07a3723 elementor-reverse-tablet elementor-reverse-mobile elementor-section-boxed elementor-section-height-default elementor-section-height-default\" data-id=\"07a3723\" data-element_type=\"section\" data-e-type=\"section\">\n\t\t\t\t\t\t<div class=\"elementor-container elementor-column-gap-default\">\n\t\t\t\t\t<div class=\"elementor-column elementor-col-50 elementor-inner-column elementor-element elementor-element-9684933\" data-id=\"9684933\" data-element_type=\"column\" data-e-type=\"column\">\n\t\t\t<div class=\"elementor-widget-wrap elementor-element-populated\">\n\t\t\t\t\t\t<div class=\"elementor-element elementor-element-bdcbb65 elementor-widget elementor-widget-heading\" data-id=\"bdcbb65\" data-element_type=\"widget\" data-e-type=\"widget\" data-widget_type=\"heading.default\">\n\t\t\t\t<div class=\"elementor-widget-container\">\n\t\t\t\t\t<h2 class=\"elementor-heading-title elementor-size-default\">\nChildren's welcome party\n<\/h2>\t\t\t\t<\/div>\n\t\t\t\t<\/div>\n\t\t\t\t<div class=\"elementor-element elementor-element-348c083 elementor-widget elementor-widget-text-editor\" data-id=\"348c083\" data-element_type=\"widget\" data-e-type=\"widget\" data-widget_type=\"text-editor.default\">\n\t\t\t\t<div class=\"elementor-widget-container\">\n\t\t\t\t\t\t\t\t\t<p>Would you like to welcome your little ones into your life but don\u2019t want to have them baptized or at least not yet? Then a child's welcome party might be a great alternative for you to celebrate the miracle of the arrival of a new human being.<\/p><p>Because to quote Honor\u00e9 de Balzac:<\/p><p class=\"translation-block\">\"Whoever says there are seven wonders in this world has never witnessed the birth of a child. Whoever says that wealth is everything has never seen a child smile. Anyone who says this world can no longer be saved has forgotten that children mean hope.\"<\/p><p>Anyone who has experienced the miracle of birth knows how true these words are. Reason enough therefore, to celebrate this momentous event in a fitting way and to welcome the child into your family.<\/p>\t\t\t\t\t\t\t\t<\/div>\n\t\t\t\t<\/div>\n\t\t\t\t\t<\/div>\n\t\t<\/div>\n\t\t\t\t<div class=\"elementor-column elementor-col-50 elementor-inner-column elementor-element elementor-element-e2cb2ed\" data-id=\"e2cb2ed\" data-element_type=\"column\" data-e-type=\"column\" data-settings=\"{&quot;background_background&quot;:&quot;classic&quot;}\">\n\t\t\t<div class=\"elementor-widget-wrap elementor-element-populated\">\n\t\t\t\t\t\t<div class=\"elementor-element elementor-element-220cef4 elementor-widget elementor-widget-spacer\" data-id=\"220cef4\" data-element_type=\"widget\" data-e-type=\"widget\" data-widget_type=\"spacer.default\">\n\t\t\t\t<div class=\"elementor-widget-container\">\n\t\t\t\t\t\t\t<div class=\"elementor-spacer\">\n\t\t\t<div class=\"elementor-spacer-inner\"><\/div>\n\t\t<\/div>\n\t\t\t\t\t\t<\/div>\n\t\t\t\t<\/div>\n\t\t\t\t\t<\/div>\n\t\t<\/div>\n\t\t\t\t\t<\/div>\n\t\t<\/section>\n\t\t\t\t<section class=\"elementor-section elementor-inner-section elementor-element elementor-element-bbd21f8 elementor-section-boxed elementor-section-height-default elementor-section-height-default\" data-id=\"bbd21f8\" data-element_type=\"section\" data-e-type=\"section\">\n\t\t\t\t\t\t<div class=\"elementor-container elementor-column-gap-default\">\n\t\t\t\t\t<div class=\"elementor-column elementor-col-50 elementor-inner-column elementor-element elementor-element-6161fe3\" data-id=\"6161fe3\" data-element_type=\"column\" data-e-type=\"column\" data-settings=\"{&quot;background_background&quot;:&quot;classic&quot;}\">\n\t\t\t<div class=\"elementor-widget-wrap elementor-element-populated\">\n\t\t\t\t\t\t<div class=\"elementor-element elementor-element-354a455 elementor-widget elementor-widget-spacer\" data-id=\"354a455\" data-element_type=\"widget\" data-e-type=\"widget\" data-widget_type=\"spacer.default\">\n\t\t\t\t<div class=\"elementor-widget-container\">\n\t\t\t\t\t\t\t<div class=\"elementor-spacer\">\n\t\t\t<div class=\"elementor-spacer-inner\"><\/div>\n\t\t<\/div>\n\t\t\t\t\t\t<\/div>\n\t\t\t\t<\/div>\n\t\t\t\t\t<\/div>\n\t\t<\/div>\n\t\t\t\t<div class=\"elementor-column elementor-col-50 elementor-inner-column elementor-element elementor-element-e4925d1\" data-id=\"e4925d1\" data-element_type=\"column\" data-e-type=\"column\">\n\t\t\t<div class=\"elementor-widget-wrap elementor-element-populated\">\n\t\t\t\t\t\t<div class=\"elementor-element elementor-element-80d28f8 elementor-widget elementor-widget-heading\" data-id=\"80d28f8\" data-element_type=\"widget\" data-e-type=\"widget\" data-widget_type=\"heading.default\">\n\t\t\t\t<div class=\"elementor-widget-container\">\n\t\t\t\t\t<h2 class=\"elementor-heading-title elementor-size-default\">Procedure<\/h2>\t\t\t\t<\/div>\n\t\t\t\t<\/div>\n\t\t\t\t<div class=\"elementor-element elementor-element-fb74a33 elementor-widget elementor-widget-text-editor\" data-id=\"fb74a33\" data-element_type=\"widget\" data-e-type=\"widget\" data-widget_type=\"text-editor.default\">\n\t\t\t\t<div class=\"elementor-widget-container\">\n\t\t\t\t\t\t\t\t\t<p>We design the ceremony entirely according to your wishes and ideas. We celebrate a big, informal family party and the love to your child. The centerpiece of this celebration is my speech about your path to your child, the pregnancy, the joy, perhaps also the worries and fears you have and of course the wishes you have for your child. In addition, there are of course many beautiful, if you like also religious rituals, such as a prayer, or musical contributions we can integrate. Of course grandparents and godparents can also be involved. The possibilities are endless and I will be happy to help you organize a celebration that suits you.<\/p>\t\t\t\t\t\t\t\t<\/div>\n\t\t\t\t<\/div>\n\t\t\t\t\t<\/div>\n\t\t<\/div>\n\t\t\t\t\t<\/div>\n\t\t<\/section>\n\t\t\t\t\t<\/div>\n\t\t<\/div>\n\t\t\t\t\t<\/div>\n\t\t<\/section>\n\t\t\t\t<\/div>","protected":false},"excerpt":{"rendered":"<p>Kinderwillkommensfest Ihr m\u00f6chtet euren Nachwuchs im Leben begr\u00fc\u00dfen, ihn aber nicht oder jedenfalls noch nicht taufen lassen? Dann ist ein Kinderwillkommensfest vielleicht eine sch\u00f6ne Alternative f\u00fcr euch, um das Wunder der Ankunft eines neuen Menschen zu feiern. Denn um es mit Honor\u00e9 de Balzac zu sagen: &#8222;Wer sagt, es gibt sieben Wunder auf dieser Welt,&#8230;<\/p>","protected":false},"author":1,"featured_media":323,"parent":0,"menu_order":0,"comment_status":"closed","ping_status":"closed","template":"","meta":{"footnotes":""},"class_list":["post-321","page","type-page","status-publish","has-post-thumbnail","hentry"],"_links":{"self":[{"href":"https:\/\/amoratio.de\/en\/wp-json\/wp\/v2\/pages\/321","targetHints":{"allow":["GET"]}}],"collection":[{"href":"https:\/\/amoratio.de\/en\/wp-json\/wp\/v2\/pages"}],"about":[{"href":"https:\/\/amoratio.de\/en\/wp-json\/wp\/v2\/types\/page"}],"author":[{"embeddable":true,"href":"https:\/\/amoratio.de\/en\/wp-json\/wp\/v2\/users\/1"}],"replies":[{"embeddable":true,"href":"https:\/\/amoratio.de\/en\/wp-json\/wp\/v2\/comments?post=321"}],"version-history":[{"count":1,"href":"https:\/\/amoratio.de\/en\/wp-json\/wp\/v2\/pages\/321\/revisions"}],"predecessor-version":[{"id":2025,"href":"https:\/\/amoratio.de\/en\/wp-json\/wp\/v2\/pages\/321\/revisions\/2025"}],"wp:featuredmedia":[{"embeddable":true,"href":"https:\/\/amoratio.de\/en\/wp-json\/wp\/v2\/media\/323"}],"wp:attachment":[{"href":"https:\/\/amoratio.de\/en\/wp-json\/wp\/v2\/media?parent=321"}],"curies":[{"name":"wp","href":"https:\/\/api.w.org\/{rel}","templated":true}]}}