{"id":328,"date":"2024-03-14T10:10:04","date_gmt":"2024-03-14T10:10:04","guid":{"rendered":"https:\/\/amoratio.de\/?page_id=328"},"modified":"2025-11-25T11:32:18","modified_gmt":"2025-11-25T11:32:18","slug":"preise","status":"publish","type":"page","link":"https:\/\/amoratio.de\/en\/preise\/","title":{"rendered":"Prices"},"content":{"rendered":"<div data-elementor-type=\"wp-page\" data-elementor-id=\"328\" class=\"elementor elementor-328\" data-elementor-post-type=\"page\">\n\t\t\t\t\t\t<section class=\"elementor-section elementor-top-section elementor-element elementor-element-171b7bb elementor-section-boxed elementor-section-height-default elementor-section-height-default\" data-id=\"171b7bb\" data-element_type=\"section\" data-e-type=\"section\">\n\t\t\t\t\t\t<div class=\"elementor-container elementor-column-gap-default\">\n\t\t\t\t\t<div class=\"elementor-column elementor-col-100 elementor-top-column elementor-element elementor-element-0c050ff\" data-id=\"0c050ff\" data-element_type=\"column\" data-e-type=\"column\">\n\t\t\t<div class=\"elementor-widget-wrap elementor-element-populated\">\n\t\t\t\t\t\t<section class=\"elementor-section elementor-inner-section elementor-element elementor-element-07a3723 elementor-reverse-tablet elementor-reverse-mobile elementor-section-boxed elementor-section-height-default elementor-section-height-default\" data-id=\"07a3723\" data-element_type=\"section\" data-e-type=\"section\">\n\t\t\t\t\t\t<div class=\"elementor-container elementor-column-gap-default\">\n\t\t\t\t\t<div class=\"elementor-column elementor-col-50 elementor-inner-column elementor-element elementor-element-9684933\" data-id=\"9684933\" data-element_type=\"column\" data-e-type=\"column\" data-settings=\"{&quot;background_background&quot;:&quot;classic&quot;}\">\n\t\t\t<div class=\"elementor-widget-wrap elementor-element-populated\">\n\t\t\t\t\t\t<div class=\"elementor-element elementor-element-da8512b elementor-widget elementor-widget-heading\" data-id=\"da8512b\" data-element_type=\"widget\" data-e-type=\"widget\" data-widget_type=\"heading.default\">\n\t\t\t\t<div class=\"elementor-widget-container\">\n\t\t\t\t\t<h1 class=\"elementor-heading-title elementor-size-default\">Prices<\/h1>\t\t\t\t<\/div>\n\t\t\t\t<\/div>\n\t\t\t\t<div class=\"elementor-element elementor-element-348c083 elementor-widget elementor-widget-text-editor\" data-id=\"348c083\" data-element_type=\"widget\" data-e-type=\"widget\" data-widget_type=\"text-editor.default\">\n\t\t\t\t<div class=\"elementor-widget-container\">\n\t\t\t\t\t\t\t\t\t<p>ein Anspruch ist es, eine Zeremonie zu gestalten, die sowohl euch als auch euren G\u00e4sten noch lange als emotionales Highlight im Ged\u00e4chtnis bleibt und 100 prozentig zu euch passt. <span style=\"font-family: var( --e-global-typography-text-font-family ), Sans-serif; font-size: var( --e-global-typography-text-font-size ); font-weight: var( --e-global-typography-text-font-weight ); text-transform: var( --e-global-typography-text-text-transform );\">It should feel like it was made just for you - because it was!\u00a0<\/span><\/p><p><span style=\"font-family: var( --e-global-typography-text-font-family ), Sans-serif; font-size: var( --e-global-typography-text-font-size ); font-weight: var( --e-global-typography-text-font-weight ); text-transform: var( --e-global-typography-text-text-transform );\">I don't have any ready-made speeches or standard sentences that I use over and over again, and I don't just read something off the page. I speak freely and\u00a0<\/span><span style=\"font-family: var( --e-global-typography-text-font-family ), Sans-serif; font-size: var( --e-global-typography-text-font-size ); font-weight: var( --e-global-typography-text-font-weight ); text-transform: var( --e-global-typography-text-text-transform );\">guide you and your guests through the emotional highlights of your big moment. My voice, my timing and the way I tell your story will ensure that everyone listens spellbound and shares in your excitement. Of course, this requires a lot of preparation and attention to detail.\u00a0<\/span><span style=\"font-family: var( --e-global-typography-text-font-family ), Sans-serif; font-size: var( --e-global-typography-text-font-size ); font-weight: var( --e-global-typography-text-font-weight ); text-transform: var( --e-global-typography-text-text-transform );\">I take a lot of time in advance to get to know you. We talk about your story, your wishes and dreams, and what you have in mind for your wedding. If you wish, I can also help you or individual guests to contribute words and coordinate everything to create a harmonious overall picture. I am also responsible for liaising with other service providers involved in the wedding (musicians, photographers, etc.).\u00a0<\/span><span style=\"font-family: var( --e-global-typography-text-font-family ), Sans-serif; font-size: var( --e-global-typography-text-font-size ); font-weight: var( --e-global-typography-text-font-weight ); text-transform: var( --e-global-typography-text-text-transform );\">I spare no effort to ensure that your personal wishes and ideas are fulfilled. However, this also means that I cannot quote standard prices, as my costs naturally depend on your personal wishes and ideas. Once you have discussed these with me in person, I will of course provide you with a detailed quote so that you have clarity on the costs in advance.<\/span><\/p><p>You deserve a ceremony that reflects your love in its most beautiful form\u2014elegant, personal, and truly unique. I look forward to bringing your vision to life.<\/p><p>Yours Johanna<\/p>\t\t\t\t\t\t\t\t<\/div>\n\t\t\t\t<\/div>\n\t\t\t\t\t<\/div>\n\t\t<\/div>\n\t\t\t\t<div class=\"elementor-column elementor-col-50 elementor-inner-column elementor-element elementor-element-e2cb2ed\" data-id=\"e2cb2ed\" data-element_type=\"column\" data-e-type=\"column\" data-settings=\"{&quot;background_background&quot;:&quot;classic&quot;}\">\n\t\t\t<div class=\"elementor-widget-wrap elementor-element-populated\">\n\t\t\t\t\t\t<div class=\"elementor-element elementor-element-220cef4 elementor-widget elementor-widget-spacer\" data-id=\"220cef4\" data-element_type=\"widget\" data-e-type=\"widget\" data-widget_type=\"spacer.default\">\n\t\t\t\t<div class=\"elementor-widget-container\">\n\t\t\t\t\t\t\t<div class=\"elementor-spacer\">\n\t\t\t<div class=\"elementor-spacer-inner\"><\/div>\n\t\t<\/div>\n\t\t\t\t\t\t<\/div>\n\t\t\t\t<\/div>\n\t\t\t\t\t<\/div>\n\t\t<\/div>\n\t\t\t\t\t<\/div>\n\t\t<\/section>\n\t\t\t\t\t<\/div>\n\t\t<\/div>\n\t\t\t\t\t<\/div>\n\t\t<\/section>\n\t\t\t\t<section class=\"elementor-section elementor-top-section elementor-element elementor-element-689eb4c elementor-section-boxed elementor-section-height-default elementor-section-height-default\" data-id=\"689eb4c\" data-element_type=\"section\" data-e-type=\"section\">\n\t\t\t\t\t\t<div class=\"elementor-container elementor-column-gap-default\">\n\t\t\t\t\t<div class=\"elementor-column elementor-col-100 elementor-top-column elementor-element elementor-element-d9be507\" data-id=\"d9be507\" data-element_type=\"column\" data-e-type=\"column\">\n\t\t\t<div class=\"elementor-widget-wrap\">\n\t\t\t\t\t\t\t<\/div>\n\t\t<\/div>\n\t\t\t\t\t<\/div>\n\t\t<\/section>\n\t\t\t\t<\/div>","protected":false},"excerpt":{"rendered":"<p>Preise ein Anspruch ist es, eine Zeremonie zu gestalten, die sowohl euch als auch euren G\u00e4sten noch lange als emotionales Highlight im Ged\u00e4chtnis bleibt und 100 prozentig zu euch passt. Sie sollte sich so anf\u00fchlen, als w\u00e4re sie nur f\u00fcr euch gemacht \u2013 weil sie das auch ist!\u00a0 Bei mir gibt es keine vorgefertigten Reden&#8230;<\/p>","protected":false},"author":1,"featured_media":148,"parent":0,"menu_order":0,"comment_status":"closed","ping_status":"closed","template":"","meta":{"footnotes":""},"class_list":["post-328","page","type-page","status-publish","has-post-thumbnail","hentry"],"_links":{"self":[{"href":"https:\/\/amoratio.de\/en\/wp-json\/wp\/v2\/pages\/328","targetHints":{"allow":["GET"]}}],"collection":[{"href":"https:\/\/amoratio.de\/en\/wp-json\/wp\/v2\/pages"}],"about":[{"href":"https:\/\/amoratio.de\/en\/wp-json\/wp\/v2\/types\/page"}],"author":[{"embeddable":true,"href":"https:\/\/amoratio.de\/en\/wp-json\/wp\/v2\/users\/1"}],"replies":[{"embeddable":true,"href":"https:\/\/amoratio.de\/en\/wp-json\/wp\/v2\/comments?post=328"}],"version-history":[{"count":21,"href":"https:\/\/amoratio.de\/en\/wp-json\/wp\/v2\/pages\/328\/revisions"}],"predecessor-version":[{"id":2017,"href":"https:\/\/amoratio.de\/en\/wp-json\/wp\/v2\/pages\/328\/revisions\/2017"}],"wp:featuredmedia":[{"embeddable":true,"href":"https:\/\/amoratio.de\/en\/wp-json\/wp\/v2\/media\/148"}],"wp:attachment":[{"href":"https:\/\/amoratio.de\/en\/wp-json\/wp\/v2\/media?parent=328"}],"curies":[{"name":"wp","href":"https:\/\/api.w.org\/{rel}","templated":true}]}}