{"id":346,"date":"2024-03-14T10:15:54","date_gmt":"2024-03-14T10:15:54","guid":{"rendered":"https:\/\/amoratio.de\/?page_id=346"},"modified":"2024-10-20T14:26:42","modified_gmt":"2024-10-20T14:26:42","slug":"blog","status":"publish","type":"page","link":"https:\/\/amoratio.de\/en\/blog\/","title":{"rendered":"Blog"},"content":{"rendered":"<div data-elementor-type=\"wp-page\" data-elementor-id=\"346\" class=\"elementor elementor-346\" data-elementor-post-type=\"page\">\n\t\t\t\t\t\t<section class=\"elementor-section elementor-top-section elementor-element elementor-element-81faaca elementor-section-height-full elementor-section-items-top elementor-section-boxed elementor-section-height-default\" data-id=\"81faaca\" data-element_type=\"section\" data-e-type=\"section\">\n\t\t\t\t\t\t<div class=\"elementor-container elementor-column-gap-default\">\n\t\t\t\t\t<div class=\"elementor-column elementor-col-100 elementor-top-column elementor-element elementor-element-eb56507\" data-id=\"eb56507\" data-element_type=\"column\" data-e-type=\"column\">\n\t\t\t<div class=\"elementor-widget-wrap elementor-element-populated\">\n\t\t\t\t\t\t<div class=\"elementor-element elementor-element-629f2f7 elementor-grid-3 elementor-grid-tablet-2 elementor-grid-mobile-1 elementor-posts--thumbnail-top elementor-widget elementor-widget-posts\" data-id=\"629f2f7\" data-element_type=\"widget\" data-e-type=\"widget\" data-settings=\"{&quot;pagination_type&quot;:&quot;prev_next&quot;,&quot;classic_columns&quot;:&quot;3&quot;,&quot;classic_columns_tablet&quot;:&quot;2&quot;,&quot;classic_columns_mobile&quot;:&quot;1&quot;,&quot;classic_row_gap&quot;:{&quot;unit&quot;:&quot;px&quot;,&quot;size&quot;:35,&quot;sizes&quot;:[]},&quot;classic_row_gap_tablet&quot;:{&quot;unit&quot;:&quot;px&quot;,&quot;size&quot;:&quot;&quot;,&quot;sizes&quot;:[]},&quot;classic_row_gap_mobile&quot;:{&quot;unit&quot;:&quot;px&quot;,&quot;size&quot;:&quot;&quot;,&quot;sizes&quot;:[]}}\" data-widget_type=\"posts.classic\">\n\t\t\t\t<div class=\"elementor-widget-container\">\n\t\t\t\t\t\t\t<div class=\"elementor-posts-container elementor-posts elementor-posts--skin-classic elementor-grid\">\n\t\t\t\t<article class=\"elementor-post elementor-grid-item post-2018 post type-post status-publish format-standard has-post-thumbnail hentry category-freie-trauung category-freie-trauung-zypern category-hochzeit-zypern category-weddingplanner-zypern tag-amoratio-freie-trauung tag-ayia-napa-hochzeit tag-brautstyling-bei-hitze tag-destination-wedding-zypern tag-freie-trauung-am-strand tag-freie-trauung-zypern tag-heiraten-auf-zypern tag-hochzeit-am-meer tag-hochzeit-im-ausland-planen tag-hochzeit-zypern tag-hochzeitsplaner-zypern tag-hochzeitsrednerin-zypern tag-inselhochzeit-zypern tag-insider-tipps-hochzeit-zypern tag-paphos-hochzeit tag-sommerhochzeit-zypern tag-strandhochzeit-zypern tag-tipps-hochzeit-zypern tag-traurednerin-zypern tag-weddingplanner-zypern\">\n\t\t\t\t<a class=\"elementor-post__thumbnail__link\" href=\"https:\/\/amoratio.de\/en\/hochzeit-auf-zypern\/\" tabindex=\"-1\" >\n\t\t\t<div class=\"elementor-post__thumbnail\"><img fetchpriority=\"high\" decoding=\"async\" width=\"854\" height=\"1280\" src=\"https:\/\/amoratio.de\/wp-content\/uploads\/2025\/11\/HCCS04421-scaled-e1764323113630.webp\" class=\"attachment-full size-full wp-image-2019\" alt=\"\" \/><\/div>\n\t\t<\/a>\n\t\t\t\t<div class=\"elementor-post__text\">\n\t\t\t\t<h3 class=\"elementor-post__title\">\n\t\t\t<a href=\"https:\/\/amoratio.de\/en\/hochzeit-auf-zypern\/\" >\n\t\t\t\tWedding in Cyprus \u2013 what nobody really tells you (but you should know!)\t\t\t<\/a>\n\t\t<\/h3>\n\t\t\t\t<div class=\"elementor-post__meta-data\">\n\t\t\t\t\t<span class=\"elementor-post-date\">\n\t\t\t28. November 2025\t\t<\/span>\n\t\t\t\t<\/div>\n\t\t\t\t<div class=\"elementor-post__excerpt\">\n\t\t\t<p>Eine Hochzeit auf Zypern ist f\u00fcr viele der ultimative Traum: warmes Licht, t\u00fcrkisblaues Meer, laue Abende, barfu\u00df am Strand, dieser<\/p>\n\t\t<\/div>\n\t\t\t\t\t<div class=\"elementor-post__read-more-wrapper\">\n\t\t\n\t\t<a class=\"elementor-post__read-more\" href=\"https:\/\/amoratio.de\/en\/hochzeit-auf-zypern\/\" aria-label=\"Read more about Hochzeit auf Zypern \u2013 was euch keiner so richtig sagt (aber ihr wissen solltet!)\" tabindex=\"-1\" >\n\t\t\tRead More\t\t<\/a>\n\n\t\t\t\t\t<\/div>\n\t\t\t\t<\/div>\n\t\t\t\t<\/article>\n\t\t\t\t<article class=\"elementor-post elementor-grid-item post-1942 post type-post status-publish format-standard has-post-thumbnail hentry category-uncategorized tag-freie-trauung-mit-familie tag-kinder-bei-der-hochzeit tag-kinder-in-der-freien-trauung tag-kinder-in-die-freie-trauung-enbeziehen\">\n\t\t\t\t<a class=\"elementor-post__thumbnail__link\" href=\"https:\/\/amoratio.de\/en\/kinder-in-freie-trauung-einbinden\/\" tabindex=\"-1\" >\n\t\t\t<div class=\"elementor-post__thumbnail\"><img decoding=\"async\" width=\"1920\" height=\"1280\" src=\"https:\/\/amoratio.de\/wp-content\/uploads\/2025\/05\/bride-groom-are-kissing-after-wedding-ceremony-adorable-children-with-flying-rose-petals-baskets-scaled-e1746177656838.webp\" class=\"attachment-full size-full wp-image-1943\" alt=\"\" \/><\/div>\n\t\t<\/a>\n\t\t\t\t<div class=\"elementor-post__text\">\n\t\t\t\t<h3 class=\"elementor-post__title\">\n\t\t\t<a href=\"https:\/\/amoratio.de\/en\/kinder-in-freie-trauung-einbinden\/\" >\n\t\t\t\tInvolving children in the free wedding ceremony - 10 ideas for a personal and honest ceremony\t\t\t<\/a>\n\t\t<\/h3>\n\t\t\t\t<div class=\"elementor-post__meta-data\">\n\t\t\t\t\t<span class=\"elementor-post-date\">\n\t\t\t2. May 2025\t\t<\/span>\n\t\t\t\t<\/div>\n\t\t\t\t<div class=\"elementor-post__excerpt\">\n\t\t\t<p>You're planning your wedding ceremony \u2013 and you have children? Then one thing is certain: they\u2019re part of it...<\/p>\n\t\t<\/div>\n\t\t\t\t\t<div class=\"elementor-post__read-more-wrapper\">\n\t\t\n\t\t<a class=\"elementor-post__read-more\" href=\"https:\/\/amoratio.de\/en\/kinder-in-freie-trauung-einbinden\/\" aria-label=\"Read more about Kinder in die freie Trauung einbinden \u2013 10 Ideen f\u00fcr eine pers\u00f6nliche und ehrliche Zeremonie\" tabindex=\"-1\" >\n\t\t\tRead More\t\t<\/a>\n\n\t\t\t\t\t<\/div>\n\t\t\t\t<\/div>\n\t\t\t\t<\/article>\n\t\t\t\t<article class=\"elementor-post elementor-grid-item post-1880 post type-post status-publish format-standard has-post-thumbnail hentry category-ausland category-freie-trauung category-uncategorized tag-aussergewoehnliche-hochzeit tag-destination-wedding tag-freie-trauung tag-hochzeit-ausland tag-hochzeit-zypern tag-traurednerin tag-traurednerin-zypern\">\n\t\t\t\t<a class=\"elementor-post__thumbnail__link\" href=\"https:\/\/amoratio.de\/en\/freie-trauung-zypern\/\" tabindex=\"-1\" >\n\t\t\t<div class=\"elementor-post__thumbnail\"><img decoding=\"async\" width=\"1920\" height=\"1280\" src=\"https:\/\/amoratio.de\/wp-content\/uploads\/2025\/01\/registrars-hold-wedding-ceremony-paved-area-sea-scaled-e1736860793870.webp\" class=\"attachment-full size-full wp-image-1883\" alt=\"\" \/><\/div>\n\t\t<\/a>\n\t\t\t\t<div class=\"elementor-post__text\">\n\t\t\t\t<h3 class=\"elementor-post__title\">\n\t\t\t<a href=\"https:\/\/amoratio.de\/en\/freie-trauung-zypern\/\" >\n\t\t\t\tGetting Married in Cyprus \u2013 Your Dream Wedding on the Island of the Sun\t\t\t<\/a>\n\t\t<\/h3>\n\t\t\t\t<div class=\"elementor-post__meta-data\">\n\t\t\t\t\t<span class=\"elementor-post-date\">\n\t\t\t14. January 2025\t\t<\/span>\n\t\t\t\t<\/div>\n\t\t\t\t<div class=\"elementor-post__excerpt\">\n\t\t\t<p>Have you always dreamed of celebrating your love in a magical place? Cyprus, the island of the goddess Aphrodite,...<\/p>\n\t\t<\/div>\n\t\t\t\t\t<div class=\"elementor-post__read-more-wrapper\">\n\t\t\n\t\t<a class=\"elementor-post__read-more\" href=\"https:\/\/amoratio.de\/en\/freie-trauung-zypern\/\" aria-label=\"Read more about Freie Trauung auf Zypern \u2013 Eure Traumhochzeit auf der Sonneninsel\" tabindex=\"-1\" >\n\t\t\tRead More\t\t<\/a>\n\n\t\t\t\t\t<\/div>\n\t\t\t\t<\/div>\n\t\t\t\t<\/article>\n\t\t\t\t<article class=\"elementor-post elementor-grid-item post-1858 post type-post status-publish format-standard has-post-thumbnail hentry category-freie-trauung tag-aussergewoehnliche-freie-trauung tag-freie-trauung-gestalten tag-freie-trauung-planen tag-gestaltung-freie-trauung tag-planung-freie-trauung tag-tipps-fuer-die-freie-trauuen\">\n\t\t\t\t<a class=\"elementor-post__thumbnail__link\" href=\"https:\/\/amoratio.de\/en\/vorgehen-freie-trauung\/\" tabindex=\"-1\" >\n\t\t\t<div class=\"elementor-post__thumbnail\"><img loading=\"lazy\" decoding=\"async\" width=\"1738\" height=\"1280\" src=\"https:\/\/amoratio.de\/wp-content\/uploads\/2024\/11\/portrait-happy-loving-couple-husband-wife-wedding-ceremony-hugging-beautiful-bride-puffy-dress-with-groom-elegant-suit-happy-family-married-couple-wedding-day-scaled-e1732018845260.jpg\" class=\"attachment-full size-full wp-image-1873\" alt=\"\" \/><\/div>\n\t\t<\/a>\n\t\t\t\t<div class=\"elementor-post__text\">\n\t\t\t\t<h3 class=\"elementor-post__title\">\n\t\t\t<a href=\"https:\/\/amoratio.de\/en\/vorgehen-freie-trauung\/\" >\n\t\t\t\tMaking your free wedding ceremony unique\t\t\t<\/a>\n\t\t<\/h3>\n\t\t\t\t<div class=\"elementor-post__meta-data\">\n\t\t\t\t\t<span class=\"elementor-post-date\">\n\t\t\t18. November 2024\t\t<\/span>\n\t\t\t\t<\/div>\n\t\t\t\t<div class=\"elementor-post__excerpt\">\n\t\t\t<p>Wondering what you can do to make your free wedding ceremony truly unique? First things first: look for a wedding officiant who sparks a spark.<\/p>\n\t\t<\/div>\n\t\t\t\t\t<div class=\"elementor-post__read-more-wrapper\">\n\t\t\n\t\t<a class=\"elementor-post__read-more\" href=\"https:\/\/amoratio.de\/en\/vorgehen-freie-trauung\/\" aria-label=\"Read more about So wird eure Freie Trauung einzigartig\" tabindex=\"-1\" >\n\t\t\tRead More\t\t<\/a>\n\n\t\t\t\t\t<\/div>\n\t\t\t\t<\/div>\n\t\t\t\t<\/article>\n\t\t\t\t<article class=\"elementor-post elementor-grid-item post-1796 post type-post status-publish format-standard has-post-thumbnail hentry category-uncategorized tag-eheversprechen tag-emotionale-trauung tag-persoenliches-eheversprechen tag-tipps-fuer-das-eheverprechen tag-trauung-persoenlich-gestalten tag-wie-schreibe-ich-ein-eheversprechen tag-worauf-beim-eheversprechen-achten\">\n\t\t\t\t<a class=\"elementor-post__thumbnail__link\" href=\"https:\/\/amoratio.de\/en\/freie-trauung-10-tipps\/\" tabindex=\"-1\" >\n\t\t\t<div class=\"elementor-post__thumbnail\"><img loading=\"lazy\" decoding=\"async\" width=\"1920\" height=\"1280\" src=\"https:\/\/amoratio.de\/wp-content\/uploads\/2024\/10\/bride-is-crying-listening-wedding-vow-from-groom-scaled-e1728040862504.jpg\" class=\"attachment-full size-full wp-image-1797\" alt=\"\" \/><\/div>\n\t\t<\/a>\n\t\t\t\t<div class=\"elementor-post__text\">\n\t\t\t\t<h3 class=\"elementor-post__title\">\n\t\t\t<a href=\"https:\/\/amoratio.de\/en\/freie-trauung-10-tipps\/\" >\n\t\t\t\tPersonal Wedding Vows\t\t\t<\/a>\n\t\t<\/h3>\n\t\t\t\t<div class=\"elementor-post__meta-data\">\n\t\t\t\t\t<span class=\"elementor-post-date\">\n\t\t\t4. October 2024\t\t<\/span>\n\t\t\t\t<\/div>\n\t\t\t\t<div class=\"elementor-post__excerpt\">\n\t\t\t<p>A personal wedding vow is one of the most emotional moments during a wedding ceremony. It is the occasion,<\/p>\n\t\t<\/div>\n\t\t\t\t\t<div class=\"elementor-post__read-more-wrapper\">\n\t\t\n\t\t<a class=\"elementor-post__read-more\" href=\"https:\/\/amoratio.de\/en\/freie-trauung-10-tipps\/\" aria-label=\"Read more about Pers\u00f6nliches Eheversprechen: 10 Tipps\" tabindex=\"-1\" >\n\t\t\tRead More\t\t<\/a>\n\n\t\t\t\t\t<\/div>\n\t\t\t\t<\/div>\n\t\t\t\t<\/article>\n\t\t\t\t<article class=\"elementor-post elementor-grid-item post-1781 post type-post status-publish format-standard has-post-thumbnail hentry category-preis-freie-trauung tag-freie-trauung tag-kosten-freie-trauung tag-kosten-trauredner tag-qualitaet-bei-der-traurede tag-unvergessliche-trauung tag-was-kostet-ein-guter-trauredner tag-was-kostet-eine-freie-trauung\">\n\t\t\t\t<a class=\"elementor-post__thumbnail__link\" href=\"https:\/\/amoratio.de\/en\/was-macht-eine-guten-traurede-aus-und-warum-qualitaet-ihren-preis-hat\/\" tabindex=\"-1\" >\n\t\t\t<div class=\"elementor-post__thumbnail\"><img loading=\"lazy\" decoding=\"async\" width=\"1920\" height=\"1280\" src=\"https:\/\/amoratio.de\/wp-content\/uploads\/2024\/09\/look-groom-s-shoulder-happy-crying-bride-scaled-e1727094249155.jpg\" class=\"attachment-full size-full wp-image-1782\" alt=\"\" \/><\/div>\n\t\t<\/a>\n\t\t\t\t<div class=\"elementor-post__text\">\n\t\t\t\t<h3 class=\"elementor-post__title\">\n\t\t\t<a href=\"https:\/\/amoratio.de\/en\/was-macht-eine-guten-traurede-aus-und-warum-qualitaet-ihren-preis-hat\/\" >\n\t\t\t\tWhat makes a good wedding speech - and why quality has its price\t\t\t<\/a>\n\t\t<\/h3>\n\t\t\t\t<div class=\"elementor-post__meta-data\">\n\t\t\t\t\t<span class=\"elementor-post-date\">\n\t\t\t23. September 2024\t\t<\/span>\n\t\t\t\t<\/div>\n\t\t\t\t<div class=\"elementor-post__excerpt\">\n\t\t\t<p>As a wedding speaker, I experience it time and time again: the moment when the bridal couple tell me their<\/p>\n\t\t<\/div>\n\t\t\t\t\t<div class=\"elementor-post__read-more-wrapper\">\n\t\t\n\t\t<a class=\"elementor-post__read-more\" href=\"https:\/\/amoratio.de\/en\/was-macht-eine-guten-traurede-aus-und-warum-qualitaet-ihren-preis-hat\/\" aria-label=\"Read more about Was macht eine gute Traurede aus \u2013 und warum Qualit\u00e4t ihren Preis hat\" tabindex=\"-1\" >\n\t\t\tRead More\t\t<\/a>\n\n\t\t\t\t\t<\/div>\n\t\t\t\t<\/div>\n\t\t\t\t<\/article>\n\t\t\t\t<\/div>\n\t\t\n\t\t\t\t<div class=\"e-load-more-anchor\" data-page=\"1\" data-max-page=\"2\" data-next-page=\"https:\/\/amoratio.de\/en\/wp-json\/wp\/v2\/pages\/346\/page\/2\/\"><\/div>\n\t\t\t\t<nav class=\"elementor-pagination\" aria-label=\"Pagination\">\n\t\t\t<span class=\"page-numbers prev\">&laquo; Zur\u00fcck<\/span>\n<a class=\"page-numbers next\" href=\"https:\/\/amoratio.de\/en\/wp-json\/wp\/v2\/pages\/346\/page\/2\/\">Weiter &raquo;<\/a>\t\t<\/nav>\n\t\t\t\t\t\t<\/div>\n\t\t\t\t<\/div>\n\t\t\t\t\t<\/div>\n\t\t<\/div>\n\t\t\t\t\t<\/div>\n\t\t<\/section>\n\t\t\t\t<section class=\"elementor-section elementor-top-section elementor-element elementor-element-c7e4cd5 elementor-hidden-tablet elementor-hidden-mobile elementor-section-boxed elementor-section-height-default elementor-section-height-default\" data-id=\"c7e4cd5\" data-element_type=\"section\" data-e-type=\"section\">\n\t\t\t\t\t\t<div class=\"elementor-container elementor-column-gap-default\">\n\t\t\t\t\t<div class=\"elementor-column elementor-col-100 elementor-top-column elementor-element elementor-element-d26bead\" data-id=\"d26bead\" data-element_type=\"column\" data-e-type=\"column\">\n\t\t\t<div class=\"elementor-widget-wrap elementor-element-populated\">\n\t\t\t\t\t\t<div class=\"elementor-element elementor-element-78d348b elementor-widget elementor-widget-spacer\" data-id=\"78d348b\" data-element_type=\"widget\" data-e-type=\"widget\" data-widget_type=\"spacer.default\">\n\t\t\t\t<div class=\"elementor-widget-container\">\n\t\t\t\t\t\t\t<div class=\"elementor-spacer\">\n\t\t\t<div class=\"elementor-spacer-inner\"><\/div>\n\t\t<\/div>\n\t\t\t\t\t\t<\/div>\n\t\t\t\t<\/div>\n\t\t\t\t\t<\/div>\n\t\t<\/div>\n\t\t\t\t\t<\/div>\n\t\t<\/section>\n\t\t\t\t<\/div>","protected":false},"excerpt":{"rendered":"","protected":false},"author":1,"featured_media":0,"parent":0,"menu_order":0,"comment_status":"closed","ping_status":"closed","template":"","meta":{"footnotes":""},"class_list":["post-346","page","type-page","status-publish","hentry"],"_links":{"self":[{"href":"https:\/\/amoratio.de\/en\/wp-json\/wp\/v2\/pages\/346","targetHints":{"allow":["GET"]}}],"collection":[{"href":"https:\/\/amoratio.de\/en\/wp-json\/wp\/v2\/pages"}],"about":[{"href":"https:\/\/amoratio.de\/en\/wp-json\/wp\/v2\/types\/page"}],"author":[{"embeddable":true,"href":"https:\/\/amoratio.de\/en\/wp-json\/wp\/v2\/users\/1"}],"replies":[{"embeddable":true,"href":"https:\/\/amoratio.de\/en\/wp-json\/wp\/v2\/comments?post=346"}],"version-history":[{"count":0,"href":"https:\/\/amoratio.de\/en\/wp-json\/wp\/v2\/pages\/346\/revisions"}],"wp:attachment":[{"href":"https:\/\/amoratio.de\/en\/wp-json\/wp\/v2\/media?parent=346"}],"curies":[{"name":"wp","href":"https:\/\/api.w.org\/{rel}","templated":true}]}}